{"id":4535,"date":"2023-10-04T14:02:09","date_gmt":"2023-10-04T14:02:09","guid":{"rendered":"https:\/\/prioritywindowsinc.com\/?page_id=4535"},"modified":"2023-10-04T14:48:58","modified_gmt":"2023-10-04T14:48:58","slug":"impact-patio-doors","status":"publish","type":"page","link":"https:\/\/prioritywindowsinc.com\/es\/services-products\/hurricane-impact-doors-in-miami\/impact-patio-doors\/","title":{"rendered":"Impact Patio Doors"},"content":{"rendered":"<div data-colibri-id=\"4535-c1\" class=\"style-1839 style-local-4535-c1 position-relative\">\n  <!---->\n  <div data-colibri-component=\"section\" data-colibri-id=\"4535-c2\" id=\"custom\" class=\"h-section h-section-global-spacing d-flex align-items-lg-center align-items-md-center align-items-center style-1840 style-local-4535-c2 position-relative\">\n    <!---->\n    <!---->\n    <div class=\"h-separator\" style=\"height: 30px; bottom: calc(0px);\">\n      <svg style=\"fill:rgb(246, 246, 246);\" xmlns=\"http:\/\/www.w3.org\/2000\/svg\" viewbox=\"0 0 1000 100\" preserveaspectratio=\"none\">\n        <path class=\"svg-white-bg\" d=\"M806,94.7C619.5,90,500,20.3,500,1.7c-1,18.6-117.5,88.3-306,93C92,97.2,0,97.9,0,97.9v-0l0,0v2.3h1000v-2.3 C1000,97.7,920.3,97.6,806,94.7z M350,65.1L350,65.1L350,65.1L350,65.1z\"><\/path>\n      <\/svg>\n    <\/div>\n    <div class=\"h-section-grid-container h-section-boxed-container\">\n      <!---->\n      <div data-colibri-id=\"4535-c3\" class=\"h-row-container gutters-row-lg-2 gutters-row-md-2 gutters-row-0 gutters-row-v-lg-2 gutters-row-v-md-2 gutters-row-v-2 style-1841 style-local-4535-c3 position-relative\">\n        <!---->\n        <div class=\"h-row justify-content-lg-center justify-content-md-center justify-content-center align-items-lg-stretch align-items-md-stretch align-items-stretch gutters-col-lg-2 gutters-col-md-2 gutters-col-0 gutters-col-v-lg-2 gutters-col-v-md-2 gutters-col-v-2\">\n          <!---->\n          <div class=\"h-column h-column-container d-flex h-col-lg-auto h-col-md-auto h-col-auto style-1842-outer style-local-4535-c4-outer\">\n            <div data-colibri-id=\"4535-c4\" class=\"d-flex h-flex-basis h-column__inner h-px-lg-2 h-px-md-2 h-px-2 v-inner-lg-2 v-inner-md-2 v-inner-2 style-1842 style-local-4535-c4 position-relative\">\n              <!---->\n              <!---->\n              <div class=\"w-100 h-y-container h-column__content h-column__v-align flex-basis-100 align-self-lg-start align-self-md-start align-self-start\">\n                <!---->\n                <div data-colibri-id=\"4535-c5\" class=\"h-global-transition-all h-heading style-1843 style-local-4535-c5 position-relative h-element\">\n                  <!---->\n                  <div class=\"h-heading__outer style-1843 style-local-4535-c5\">\n                    <!---->\n                    <!---->\n                    <h1 class=\"\"><span style=\"font-size: 83%;\">Hurricane Impact Patio Doors<\/span><\/h1>\n                  <\/div>\n                <\/div>\n                <div data-colibri-id=\"4535-c6\" class=\"h-text h-text-component style-1844 style-local-4535-c6 position-relative h-element\">\n                  <!---->\n                  <!---->\n                  <div class=\"\">\n                    <p>\n                      <a href=\"https:\/\/prioritywindowsinc.com\/es\/\" style=\"color: rgb(90, 90, 90); font-size: 16px; font-weight: 400; font-family: Poppins;\">\n                        <u>Inicio<\/u>&nbsp;<\/a><span style=\"color: rgb(58, 58, 58); font-size: 16px; font-weight: 300; font-family: Poppins;\">&nbsp;&gt;&nbsp;<\/span><span style=\"color: rgb(90, 90, 90); font-size: 16px; font-weight: 400; font-family: Poppins;\">Productos y Servicios<\/span><\/p>\n                  <\/div>\n                <\/div>\n              <\/div>\n            <\/div>\n          <\/div>\n        <\/div>\n      <\/div>\n    <\/div>\n  <\/div>\n  <div data-colibri-component=\"section\" data-colibri-id=\"4535-c7\" id=\"content\" class=\"h-section h-section-global-spacing d-flex align-items-lg-center align-items-md-center align-items-center style-1845 style-local-4535-c7 position-relative\">\n    <!---->\n    <!---->\n    <div class=\"h-section-grid-container h-section-fluid-container\">\n      <!---->\n      <div data-colibri-id=\"4535-c8\" class=\"h-row-container gutters-row-lg-0 gutters-row-md-0 gutters-row-2 gutters-row-v-lg-0 gutters-row-v-md-0 gutters-row-v-2 style-1846 style-local-4535-c8 position-relative\">\n        <!---->\n        <div class=\"h-row justify-content-lg-center justify-content-md-center justify-content-center align-items-lg-stretch align-items-md-stretch align-items-stretch gutters-col-lg-0 gutters-col-md-0 gutters-col-2 gutters-col-v-lg-0 gutters-col-v-md-0 gutters-col-v-2\">\n          <!---->\n          <div class=\"h-column h-column-container d-flex h-col-lg-auto h-col-md-auto h-col-auto style-1847-outer style-local-4535-c9-outer\">\n            <div data-colibri-id=\"4535-c9\" class=\"d-flex h-flex-basis h-column__inner h-px-lg-0 h-px-md-0 h-px-0 v-inner-lg-0 v-inner-md-0 v-inner-0 style-1847 style-local-4535-c9 position-relative\">\n              <!---->\n              <!---->\n              <div class=\"w-100 h-y-container h-column__content h-column__v-align flex-basis-100 align-self-lg-start align-self-md-start align-self-start\">\n                <!---->\n                <div data-colibri-id=\"4535-c11\" class=\"h-global-transition-all h-heading style-1849 style-local-4535-c11 position-relative h-element\">\n                  <!---->\n                  <div class=\"h-heading__outer style-1849 style-local-4535-c11\">\n                    <!---->\n                    <!---->\n                    <h2 class=\"\"><span style=\"font-size: 72%; font-weight: 600;\">Experimente la m\u00e1xima seguridad con las puertas de patio de impacto contra huracanes de Priority en Miami<\/span><\/h2>\n                  <\/div>\n                <\/div>\n                <div data-colibri-id=\"4535-c12\" class=\"h-text h-text-component style-1850 style-local-4535-c12 position-relative h-element\">\n                  <!---->\n                  <!---->\n                  <div class=\"\">\n                    <p><span style=\"font-weight: 400; font-size: 16px; font-family: Poppins; color: rgb(55, 65, 81);\">Equipe su hogar con nuestras puertas de patio rigurosamente probadas, dise\u00f1adas para desafiar vientos huracanados y las condiciones m\u00e1s duras. Al cumplir las estrictas normas HVHZ establecidas por los condados de Miami-Dade y Broward, Priority garantiza una resistencia inigualable. Nuestros procesos de producci\u00f3n se ajustan a las normas de calidad con certificaci\u00f3n ISO, lo que demuestra nuestro compromiso con su seguridad. Elija nuestras puertas de patio, un escudo contra las tormentas m\u00e1s feroces de la naturaleza.<\/span><\/p>\n                  <\/div>\n                <\/div>\n                <div data-colibri-id=\"4535-c13\" class=\"h-row-container gutters-row-lg-2 gutters-row-md-2 gutters-row-0 gutters-row-v-lg-2 gutters-row-v-md-2 gutters-row-v-0 style-1851 style-local-4535-c13 position-relative\">\n                  <!---->\n                  <div class=\"h-row justify-content-lg-center justify-content-md-center justify-content-center align-items-lg-stretch align-items-md-stretch align-items-stretch gutters-col-lg-2 gutters-col-md-2 gutters-col-0 gutters-col-v-lg-2 gutters-col-v-md-2 gutters-col-v-0\">\n                    <!---->\n                    <div class=\"h-column h-column-container d-flex h-col-lg-12 h-col-md-12 h-col-6 style-1852-outer style-local-4535-c14-outer\">\n                      <div data-colibri-id=\"4535-c14\" class=\"d-flex h-flex-basis h-column__inner h-px-lg-0 h-px-md-0 h-px-0 v-inner-lg-0 v-inner-md-0 v-inner-0 style-1852 style-local-4535-c14 position-relative\">\n                        <!---->\n                        <!---->\n                        <div class=\"w-100 h-y-container h-column__content h-column__v-align flex-basis-100 align-self-lg-start align-self-md-start align-self-start\">\n                          <!---->\n                          <div data-colibri-id=\"4535-c16\" class=\"h-text h-text-component style-1854 style-local-4535-c16 position-relative h-element\">\n                            <!---->\n                            <!---->\n                            <div class=\"\">\n                              <p><span style=\"color: rgb(55, 65, 81); font-family: S\u00f6hne, ui-sans-serif, system-ui, -apple-system, &quot;Segoe UI&quot;, Roboto, Ubuntu, Cantarell, &quot;Noto Sans&quot;, sans-serif, &quot;Helvetica Neue&quot;, Arial, &quot;Apple Color Emoji&quot;, &quot;Segoe UI Emoji&quot;, &quot;Segoe UI Symbol&quot;, &quot;Noto Color Emoji&quot;; font-size: 16px; font-weight: 400;\">Contacte con nosotros al <\/span>\n                                <a\n                                  href=\"tel:7862053227\" style=\"color: rgb(153, 52, 40);\">(786) 205 3227<\/a><span style=\"color: rgb(55, 65, 81); font-family: S\u00f6hne, ui-sans-serif, system-ui, -apple-system, &quot;Segoe UI&quot;, Roboto, Ubuntu, Cantarell, &quot;Noto Sans&quot;, sans-serif, &quot;Helvetica Neue&quot;, Arial, &quot;Apple Color Emoji&quot;, &quot;Segoe UI Emoji&quot;, &quot;Segoe UI Symbol&quot;, &quot;Noto Color Emoji&quot;; font-size: 16px; font-weight: 400;\"> o vis\u00edtenos en l\u00ednea para las mejores tarifas en puertas de impacto de huracanes. Conf\u00ede en Priority - el nombre de confianza del sur de Florida para puertas resistentes a huracanes. Descubra nuestras opciones de financiaci\u00f3n del 100% para puertas y ventanas de impacto hoy!\"<\/span><\/p>\n                            <\/div>\n                          <\/div>\n                        <\/div>\n                      <\/div>\n                    <\/div>\n                  <\/div>\n                <\/div>\n              <\/div>\n            <\/div>\n          <\/div>\n          <div class=\"h-column h-column-container d-flex h-col-lg-auto h-col-md-auto h-col-auto style-1855-outer style-local-4535-c26-outer\">\n            <div data-colibri-id=\"4535-c26\" class=\"d-flex h-flex-basis h-column__inner h-ui-empty-state-container h-px-lg-0 h-px-md-0 h-px-0 v-inner-lg-0 v-inner-md-0 v-inner-0 style-1855 style-local-4535-c26 position-relative\">\n              <!---->\n              <!---->\n              <div class=\"w-100 h-y-container h-column__content h-column__v-align flex-basis-100\">\n                <!---->\n              <\/div>\n            <\/div>\n          <\/div>\n        <\/div>\n      <\/div>\n    <\/div>\n  <\/div>\n  <div data-colibri-component=\"section\" data-colibri-id=\"4535-c27\" id=\"content-2\" class=\"h-section h-section-global-spacing d-flex align-items-lg-center align-items-md-center align-items-center style-1856 style-local-4535-c27 position-relative\">\n    <div class=\"background-wrapper\">\n      <div class=\"background-layer background-layer-media-container-lg\">\n        <!---->\n        <div class=\"overlay-layer\">\n          <div class=\"overlay-image-layer\" style=\"background-color: rgb(0, 0, 0); opacity: 0.7;\"><\/div>\n        <\/div>\n      <\/div>\n      <div class=\"background-layer background-layer-media-container-md\">\n        <!---->\n        <div class=\"overlay-layer\">\n          <div class=\"overlay-image-layer\" style=\"background-color: rgb(0, 0, 0); opacity: 0.7;\"><\/div>\n        <\/div>\n      <\/div>\n      <div class=\"background-layer background-layer-media-container\">\n        <!---->\n        <div class=\"overlay-layer\">\n          <div class=\"overlay-image-layer\" style=\"background-color: rgb(0, 0, 0); opacity: 0.7;\"><\/div>\n        <\/div>\n      <\/div>\n    <\/div>\n    <!---->\n    <div class=\"h-section-grid-container h-section-boxed-container\">\n      <!---->\n      <div data-colibri-id=\"4535-c28\" class=\"h-row-container gutters-row-lg-2 gutters-row-md-2 gutters-row-2 gutters-row-v-lg-2 gutters-row-v-md-2 gutters-row-v-2 style-1857 style-local-4535-c28 position-relative\">\n        <!---->\n        <div class=\"h-row justify-content-lg-center justify-content-md-center justify-content-center align-items-lg-stretch align-items-md-stretch align-items-stretch gutters-col-lg-2 gutters-col-md-2 gutters-col-2 gutters-col-v-lg-2 gutters-col-v-md-2 gutters-col-v-2\">\n          <!---->\n          <div class=\"h-column h-column-container d-flex h-col-lg-auto h-col-md-auto h-col-auto style-1858-outer style-local-4535-c29-outer\">\n            <div data-colibri-id=\"4535-c29\" class=\"d-flex h-flex-basis h-column__inner h-px-lg-0 h-px-md-0 h-px-0 v-inner-lg-0 v-inner-md-0 v-inner-0 style-1858 style-local-4535-c29 position-relative\">\n              <!---->\n              <!---->\n              <div class=\"w-100 h-y-container h-column__content h-column__v-align flex-basis-100 align-self-lg-start align-self-md-start align-self-start\">\n                <!---->\n                <div data-colibri-id=\"4535-c30\" class=\"h-icon style-1859 style-local-4535-c30 position-relative h-element\">\n                  <!---->\n                  <a href=\"https:\/\/youtu.be\/zErGXBWslNM?si=HCxleaZYmC3ONKG0\" data-fancybox=\"section-group-6sepCuZc4hjmUPG58VwZeU\" h-use-smooth-scroll=\"true\"><span class=\"h-svg-icon h-icon__icon style-1859-icon style-local-4535-c30-icon\"><!--Icon by Icons8 Line Awesome (https:\/\/icons8.com\/line-awesome)--><svg version=\"1.1\" xmlns=\"http:\/\/www.w3.org\/2000\/svg\" xmlns:xlink=\"http:\/\/www.w3.org\/1999\/xlink\" id=\"play-circle\" viewbox=\"0 0 512 545.5\"><path d=\"M256 96c105.85 0 192 86.15 192 192s-86.15 192-192 192S64 393.85 64 288 150.15 96 256 96zm0 32c-88.555 0-160 71.445-160 160s71.445 160 160 160 160-71.445 160-160-71.445-160-160-160zm-64 50l24 14 144 82 24 14-24 14-144 82-24 14V178zm32 55v110l95.5-55z\"><\/path><\/svg><\/span><\/a>\n                <\/div>\n                <div data-colibri-id=\"4535-c31\" class=\"h-global-transition-all h-heading style-1860 style-local-4535-c31 position-relative h-element\">\n                  <!---->\n                  <div class=\"h-heading__outer style-1860 style-local-4535-c31\">\n                    <!---->\n                    <!---->\n                    <h2 class=\"\">Vea nuestro v\u00eddeo demo!<\/h2>\n                  <\/div>\n                <\/div>\n              <\/div>\n            <\/div>\n          <\/div>\n        <\/div>\n      <\/div>\n    <\/div>\n  <\/div>\n  <div data-colibri-component=\"section\" data-colibri-id=\"4535-c61\" id=\"contact\" class=\"h-section h-section-global-spacing d-flex align-items-lg-center align-items-md-center align-items-center style-1873 style-local-4535-c61 position-relative\">\n    <!---->\n    <!---->\n    <div class=\"h-section-grid-container h-section-boxed-container\">\n      <!---->\n      <div data-colibri-id=\"4535-c62\" class=\"h-row-container gutters-row-lg-0 gutters-row-md-0 gutters-row-0 gutters-row-v-lg-0 gutters-row-v-md-0 gutters-row-v-0 style-1874 style-local-4535-c62 position-relative\">\n        <!---->\n        <div class=\"h-row justify-content-lg-center justify-content-md-center justify-content-center align-items-lg-stretch align-items-md-stretch align-items-stretch gutters-col-lg-0 gutters-col-md-0 gutters-col-0 gutters-col-v-lg-0 gutters-col-v-md-0 gutters-col-v-0\">\n          <!---->\n          <div class=\"h-column h-column-container d-flex h-col-lg-auto h-col-md-auto h-col-auto style-1875-outer style-local-4535-c63-outer\">\n            <div data-colibri-id=\"4535-c63\" class=\"d-flex h-flex-basis h-column__inner h-px-lg-2 h-px-md-2 h-px-2 v-inner-lg-2 v-inner-md-2 v-inner-2 style-1875 style-local-4535-c63 position-relative\">\n              <!---->\n              <!---->\n              <div class=\"w-100 h-y-container h-column__content h-column__v-align flex-basis-auto align-self-lg-start align-self-md-start align-self-start\">\n                <!---->\n                <div data-colibri-id=\"4535-c64\" class=\"h-global-transition-all h-heading style-1876 style-local-4535-c64 position-relative h-element\">\n                  <!---->\n                  <div class=\"h-heading__outer style-1876 style-local-4535-c64\">\n                    <!---->\n                    <!---->\n                    <h3 class=\"\">Cont\u00e1ctanos<\/h3>\n                  <\/div>\n                <\/div>\n              <\/div>\n            <\/div>\n          <\/div>\n        <\/div>\n      <\/div>\n      <div data-colibri-id=\"4535-c65\" class=\"h-row-container gutters-row-lg-2 gutters-row-md-2 gutters-row-2 gutters-row-v-lg-0 gutters-row-v-md-0 gutters-row-v-2 style-1877 style-local-4535-c65 position-relative\">\n        <!---->\n        <div class=\"h-row justify-content-lg-center justify-content-md-center justify-content-center align-items-lg-stretch align-items-md-stretch align-items-stretch gutters-col-lg-2 gutters-col-md-2 gutters-col-2 gutters-col-v-lg-0 gutters-col-v-md-0 gutters-col-v-2\">\n          <!---->\n          <div class=\"h-column h-column-container d-flex h-col-lg-auto h-col-md-auto h-col-auto style-1878-outer style-local-4535-c66-outer\">\n            <div data-colibri-id=\"4535-c66\" class=\"d-flex h-flex-basis h-column__inner h-px-lg-2 h-px-md-2 h-px-2 v-inner-lg-2 v-inner-md-2 v-inner-2 style-1878 style-local-4535-c66 position-relative\">\n              <!---->\n              <!---->\n              <div class=\"w-100 h-y-container h-column__content h-column__v-align flex-basis-100 align-self-lg-start align-self-md-start align-self-start\">\n                <!---->\n                <div data-colibri-id=\"4535-c67\" class=\"h-contact-form__outer--forminator style-1879 style-local-4535-c67 position-relative h-element\">\n                  <!---->\n                  <div class=\"h-global-transition-all h-global-transition h-global-transition-all h-contact-form-shortcode\"><div class=\"forminator-ui forminator-custom-form forminator-custom-form-1462 forminator-design--default  forminator_ajax\" data-forminator-render=\"0\" data-form=\"forminator-module-1462\" data-uid=\"69ea251c6ee0a\"><br\/><\/div><form\n\t\t\t\tid=\"forminator-module-1462\"\n\t\t\t\tclass=\"forminator-ui forminator-custom-form forminator-custom-form-1462 forminator-design--default  forminator_ajax\"\n\t\t\t\tmethod=\"post\"\n\t\t\t\tdata-forminator-render=\"0\"\n\t\t\t\tdata-form-id=\"1462\"\n\t\t\t\t\n\t\t\t\tdata-design=\"default\"\n\t\t\t\t\n\t\t\t\t\n\t\t\t\t\n\t\t\t\tdata-grid=\"open\"\n\t\t\t\t\n\t\t\t\t\n\t\t\t\tstyle=\"display: none;\"\n\t\t\t\t\n\t\t\t\tdata-uid=\"69ea251c6ee0a\" action=\"\"\n\t\t\t><div role=\"alert\" aria-live=\"polite\" class=\"forminator-response-message forminator-error\" aria-hidden=\"true\"><\/div><div class=\"forminator-row\"><div id=\"name-1\" class=\"forminator-field-name forminator-col forminator-col-12\"><div class=\"forminator-field\"><label for=\"forminator-field-name-1_69ea251c6ee0a\" id=\"forminator-field-name-1_69ea251c6ee0a-label\" class=\"forminator-label\">Nombre <span class=\"forminator-required\">*<\/span><\/label><input type=\"text\" name=\"name-1\" value=\"\" placeholder=\"Ej: John\" id=\"forminator-field-name-1_69ea251c6ee0a\" class=\"forminator-input forminator-name--field\" aria-required=\"true\" \/><\/div><\/div><\/div><div class=\"forminator-row\"><div id=\"email-1\" class=\"forminator-field-email forminator-col forminator-col-12\"><div class=\"forminator-field\"><label for=\"forminator-field-email-1_69ea251c6ee0a\" id=\"forminator-field-email-1_69ea251c6ee0a-label\" class=\"forminator-label\">Correo electr\u00f3nico <span class=\"forminator-required\">*<\/span><\/label><input type=\"email\" name=\"email-1\" value=\"\" placeholder=\"Ej: john@doe.com\" id=\"forminator-field-email-1_69ea251c6ee0a\" class=\"forminator-input forminator-email--field\" data-required=\"true\" aria-required=\"true\" \/><\/div><\/div><\/div><div class=\"forminator-row\"><div id=\"phone-1\" class=\"forminator-field-phone forminator-col forminator-col-12\"><div class=\"forminator-field\"><label for=\"forminator-field-phone-1_69ea251c6ee0a\" id=\"forminator-field-phone-1_69ea251c6ee0a-label\" class=\"forminator-label\">N\u00famero de telefono<\/label><input type=\"text\" name=\"phone-1\" value=\"\" placeholder=\"Ej +1 3004005000\" id=\"forminator-field-phone-1_69ea251c6ee0a\" class=\"forminator-input forminator-field--phone\" data-required=\"\" aria-required=\"false\" autocomplete=\"off\" \/><\/div><\/div><\/div><div class=\"forminator-row\"><div id=\"textarea-1\" class=\"forminator-field-textarea forminator-col forminator-col-12\"><div class=\"forminator-field\"><label for=\"forminator-field-textarea-1_69ea251c6ee0a\" id=\"forminator-field-textarea-1_69ea251c6ee0a-label\" class=\"forminator-label\">Mensaje<\/label><textarea name=\"textarea-1\" placeholder=\"Escriba su mensaje\" id=\"forminator-field-textarea-1_69ea251c6ee0a\" class=\"forminator-textarea\" rows=\"6\" style=\"min-height:140px;\" maxlength=\"180\" ><\/textarea><span id=\"forminator-field-textarea-1_69ea251c6ee0a-description\" class=\"forminator-description\"><span data-limit=\"180\" data-type=\"characters\" data-editor=\"\">0 \/ 180<\/span><\/span><\/div><\/div><\/div><div class=\"forminator-row\"><div id=\"captcha-1\" class=\"forminator-field-captcha forminator-col forminator-col-12\"><div class=\"forminator-captcha-left forminator-g-recaptcha\" data-theme=\"light\"  data-sitekey=\"6LedLw8nAAAAAJeJKIuhGho8Rg3KMsh_a-BLEcpO\" data-size=\"normal\"><\/div> <\/div><\/div><div class=\"forminator-row\"><div id=\"checkbox-1\" class=\"forminator-field-checkbox forminator-col forminator-col-12\"><div role=\"group\" class=\"forminator-field required\" aria-labelledby=\"forminator-checkbox-group-forminator-field-checkbox-1-69ea251c6ee0a-label\"><label id=\"forminator-field-checkbox-1-1-69ea251c6ee0a-label\" for=\"forminator-field-checkbox-1-1-69ea251c6ee0a\" class=\"forminator-checkbox\" title=\"I agree to &lt;a href=&quot;https:\/\/prioritywindowsinc.com\/es\/terms\/&quot; target=&quot;_blank&quot;&gt;Terms &amp; Conditions&lt;\/a&gt; y &lt;a href=&quot;https:\/\/prioritywindowsinc.com\/es\/privacy-policy\/&quot; target=&quot;_blank&quot;&gt;and privacy policy&lt;\/a&gt; provided by HighLevel. By providing my phone number, I agree to receive text messages from HighLevel. You can SMS opt out at anytime by responding &ldquo;Stop.&rdquo;\"><input type=\"checkbox\" name=\"checkbox-1[]\" value=\"one\" id=\"forminator-field-checkbox-1-1-69ea251c6ee0a\" aria-labelledby=\"forminator-field-checkbox-1-1-69ea251c6ee0a-label\" data-calculation=\"0\"   data-hidden-behavior=\"zero\"\/><span class=\"forminator-checkbox-box\" aria-hidden=\"true\"><\/span><span class=\"forminator-checkbox-label\">I agree to <a href=\"https:\/\/prioritywindowsinc.com\/es\/terms\/\" target=\"_blank\">Terms &amp; Conditions<\/a> y <a href=\"https:\/\/prioritywindowsinc.com\/es\/privacy-policy\/\" target=\"_blank\">and privacy policy<\/a> provided by HighLevel. By providing my phone number, I agree to receive text messages from HighLevel. You can SMS opt out at anytime by responding \u201cStop.\u201d<\/span><\/label><label id=\"forminator-field-checkbox-1-2-69ea251c6ee0a-label\" for=\"forminator-field-checkbox-1-2-69ea251c6ee0a\" class=\"forminator-checkbox\" title=\"I want to receive news, feature updates, discounts, and ofters from HighLevel\"><input type=\"checkbox\" name=\"checkbox-1[]\" value=\"two\" id=\"forminator-field-checkbox-1-2-69ea251c6ee0a\" aria-labelledby=\"forminator-field-checkbox-1-2-69ea251c6ee0a-label\" data-calculation=\"0\"   data-hidden-behavior=\"zero\"\/><span class=\"forminator-checkbox-box\" aria-hidden=\"true\"><\/span><span class=\"forminator-checkbox-label\">I want to receive news, feature updates, discounts, and ofters from HighLevel<\/span><\/label><\/div><\/div><\/div><input type=\"hidden\" name=\"referer_url\" value=\"\" \/><div class=\"forminator-row forminator-row-last\"><div class=\"forminator-col\"><div class=\"forminator-field\"><button class=\"forminator-button forminator-button-submit\">Cont\u00e1ctanos<\/button><\/div><\/div><\/div><input type=\"hidden\" id=\"forminator_nonce\" name=\"forminator_nonce\" value=\"01248028d0\" \/><input type=\"hidden\" name=\"_wp_http_referer\" value=\"\/es\/wp-json\/wp\/v2\/pages\/4535\" \/><input type=\"hidden\" name=\"form_id\" value=\"1462\"><input type=\"hidden\" name=\"page_id\" value=\"4535\"><input type=\"hidden\" name=\"form_type\" value=\"default\"><input type=\"hidden\" name=\"current_url\" value=\"https:\/\/prioritywindowsinc.com\/es\/services-products\/hurricane-impact-doors-in-miami\/impact-patio-doors\/\"><input type=\"hidden\" name=\"render_id\" value=\"0\"><input type=\"hidden\" name=\"action\" value=\"forminator_submit_form_custom-forms\"><input type=\"hidden\" name=\"trp-form-language\" value=\"es\"\/><\/form><\/div>\n                <\/div>\n              <\/div>\n            <\/div>\n          <\/div>\n        <\/div>\n      <\/div>\n    <\/div>\n  <\/div>\n<\/div>","protected":false},"excerpt":{"rendered":"<p>Hurricane Impact Patio Doors Home&nbsp;&nbsp;&gt;&nbsp;Services &amp; Products Experience Ultimate Safety with Priority&#8217;s Hurricane Impact Patio Doors in Miami Equip your home with our rigorously tested patio doors, designed to brave hurricane-force winds and the toughest conditions. Adhering to the stringent HVHZ standards set by Miami-Dade and Broward Counties, Priority ensures unmatched resilience. Our production processes [&hellip;]<\/p>","protected":false},"author":3,"featured_media":0,"parent":3166,"menu_order":0,"comment_status":"closed","ping_status":"closed","template":"page-templates\/full-width-page.php","meta":{"om_disable_all_campaigns":false,"_monsterinsights_skip_tracking":false,"_monsterinsights_sitenote_active":false,"_monsterinsights_sitenote_note":"","_monsterinsights_sitenote_category":0,"_uf_show_specific_survey":0,"_uf_disable_surveys":false,"footnotes":""},"class_list":["post-4535","page","type-page","status-publish","hentry"],"aioseo_notices":[],"_links":{"self":[{"href":"https:\/\/prioritywindowsinc.com\/es\/wp-json\/wp\/v2\/pages\/4535","targetHints":{"allow":["GET"]}}],"collection":[{"href":"https:\/\/prioritywindowsinc.com\/es\/wp-json\/wp\/v2\/pages"}],"about":[{"href":"https:\/\/prioritywindowsinc.com\/es\/wp-json\/wp\/v2\/types\/page"}],"author":[{"embeddable":true,"href":"https:\/\/prioritywindowsinc.com\/es\/wp-json\/wp\/v2\/users\/3"}],"replies":[{"embeddable":true,"href":"https:\/\/prioritywindowsinc.com\/es\/wp-json\/wp\/v2\/comments?post=4535"}],"version-history":[{"count":0,"href":"https:\/\/prioritywindowsinc.com\/es\/wp-json\/wp\/v2\/pages\/4535\/revisions"}],"up":[{"embeddable":true,"href":"https:\/\/prioritywindowsinc.com\/es\/wp-json\/wp\/v2\/pages\/3166"}],"wp:attachment":[{"href":"https:\/\/prioritywindowsinc.com\/es\/wp-json\/wp\/v2\/media?parent=4535"}],"curies":[{"name":"wp","href":"https:\/\/api.w.org\/{rel}","templated":true}]}}