{"id":4416,"date":"2023-10-03T20:48:36","date_gmt":"2023-10-03T20:48:36","guid":{"rendered":"https:\/\/prioritywindowsinc.com\/?page_id=4416"},"modified":"2024-03-11T10:22:21","modified_gmt":"2024-03-11T10:22:21","slug":"impact-windows-installation","status":"publish","type":"page","link":"https:\/\/prioritywindowsinc.com\/es\/services-products\/impact-windows-installation\/","title":{"rendered":"Instalacion de ventanas de impacto"},"content":{"rendered":"<div data-colibri-id=\"4416-c1\" class=\"style-1805 style-local-4416-c1 position-relative\">\n  <!---->\n  <div data-colibri-component=\"section\" data-colibri-id=\"4416-c2\" id=\"custom\" class=\"h-section h-section-global-spacing d-flex align-items-lg-center align-items-md-center align-items-center style-1806 style-local-4416-c2 position-relative\">\n    <!---->\n    <!---->\n    <div class=\"h-separator\" style=\"height: 30px; bottom: calc(0px);\">\n      <svg style=\"fill:rgb(246, 246, 246);\" xmlns=\"http:\/\/www.w3.org\/2000\/svg\" viewbox=\"0 0 1000 100\" preserveaspectratio=\"none\">\n        <path class=\"svg-white-bg\" d=\"M806,94.7C619.5,90,500,20.3,500,1.7c-1,18.6-117.5,88.3-306,93C92,97.2,0,97.9,0,97.9v-0l0,0v2.3h1000v-2.3 C1000,97.7,920.3,97.6,806,94.7z M350,65.1L350,65.1L350,65.1L350,65.1z\"><\/path>\n      <\/svg>\n    <\/div>\n    <div class=\"h-section-grid-container h-section-boxed-container\">\n      <!---->\n      <div data-colibri-id=\"4416-c3\" class=\"h-row-container gutters-row-lg-2 gutters-row-md-2 gutters-row-0 gutters-row-v-lg-2 gutters-row-v-md-2 gutters-row-v-2 style-1807 style-local-4416-c3 position-relative\">\n        <!---->\n        <div class=\"h-row justify-content-lg-center justify-content-md-center justify-content-center align-items-lg-stretch align-items-md-stretch align-items-stretch gutters-col-lg-2 gutters-col-md-2 gutters-col-0 gutters-col-v-lg-2 gutters-col-v-md-2 gutters-col-v-2\">\n          <!---->\n          <div class=\"h-column h-column-container d-flex h-col-lg-auto h-col-md-auto h-col-auto style-1808-outer style-local-4416-c4-outer\">\n            <div data-colibri-id=\"4416-c4\" class=\"d-flex h-flex-basis h-column__inner h-px-lg-2 h-px-md-2 h-px-2 v-inner-lg-2 v-inner-md-2 v-inner-2 style-1808 style-local-4416-c4 position-relative\">\n              <!---->\n              <!---->\n              <div class=\"w-100 h-y-container h-column__content h-column__v-align flex-basis-100 align-self-lg-start align-self-md-start align-self-start\">\n                <!---->\n                <div data-colibri-id=\"4416-c5\" class=\"h-global-transition-all h-heading style-1809 style-local-4416-c5 position-relative h-element\">\n                  <!---->\n                  <div class=\"h-heading__outer style-1809 style-local-4416-c5\">\n                    <!---->\n                    <!---->\n                    <h1 class=\"\"><span style=\"font-size: 83%; font-weight: 500;\">Instalaci\u00f3n de Ventanas de Impacto en Miami<\/span><\/h1>\n                  <\/div>\n                <\/div>\n                <div data-colibri-id=\"4416-c35\" class=\"h-text h-text-component style-2270 style-local-4416-c35 position-relative h-element\">\n                  <!---->\n                  <!---->\n                  <div class=\"\">\n                    <p>\n                      <a href=\"https:\/\/prioritywindowsinc.com\/es\/\" style=\"font-family: Poppins; font-weight: 400; font-size: 16px; color: rgb(90, 90, 90);\">\n                        <u>Inicio<\/u>&nbsp;<\/a><span style=\"font-family: Poppins; font-weight: 300; font-size: 16px; color: rgb(58, 58, 58);\">&nbsp;&gt;&nbsp;<\/span>\n                      <a href=\"https:\/\/prioritywindowsinc.com\/es\/services-products\/\" style=\"font-family: Poppins; font-weight: 300; font-size: 16px; color: rgb(58, 58, 58);\">\n                        <u>Productos y Servicios&nbsp;<\/u>\n                      <\/a><span style=\"font-family: Poppins; font-weight: 300; font-size: 16px; color: rgb(58, 58, 58);\">&gt;&nbsp;<\/span><span style=\"font-weight: 400; font-size: 16px; font-family: Poppins; color: rgb(90, 90, 90);\">Instalacion de ventanas de impacto<\/span><\/p>\n                  <\/div>\n                <\/div>\n              <\/div>\n            <\/div>\n          <\/div>\n        <\/div>\n      <\/div>\n    <\/div>\n  <\/div>\n  <div data-colibri-component=\"section\" data-colibri-id=\"4416-c6\" id=\"custom-2\" class=\"h-section h-section-global-spacing d-flex align-items-lg-center align-items-md-center align-items-center style-1810 style-local-4416-c6 position-relative\">\n    <!---->\n    <!---->\n    <div class=\"h-section-grid-container h-section-boxed-container\">\n      <!---->\n      <div data-colibri-id=\"4416-c7\" class=\"h-row-container gutters-row-lg-2 gutters-row-md-2 gutters-row-0 gutters-row-v-lg-2 gutters-row-v-md-2 gutters-row-v-2 style-1811 style-local-4416-c7 position-relative\">\n        <!---->\n        <div class=\"h-row justify-content-lg-center justify-content-md-center justify-content-center align-items-lg-stretch align-items-md-stretch align-items-stretch gutters-col-lg-2 gutters-col-md-2 gutters-col-0 gutters-col-v-lg-2 gutters-col-v-md-2 gutters-col-v-2\">\n          <!---->\n          <div class=\"h-column h-column-container d-flex h-col-lg-auto h-col-md-auto h-col-auto style-1812-outer style-local-4416-c8-outer\">\n            <div data-colibri-id=\"4416-c8\" class=\"d-flex h-flex-basis h-column__inner h-px-lg-2 h-px-md-2 h-px-2 v-inner-lg-2 v-inner-md-2 v-inner-2 style-1812 style-local-4416-c8 position-relative\">\n              <!---->\n              <!---->\n              <div class=\"w-100 h-y-container h-column__content h-column__v-align flex-basis-100 align-self-lg-start align-self-md-start align-self-start\">\n                <!---->\n                <div data-colibri-id=\"4416-c9\" class=\"h-global-transition-all h-heading style-1819 style-local-4416-c9 position-relative h-element\">\n                  <!---->\n                  <div class=\"h-heading__outer style-1819 style-local-4416-c9\">\n                    <!---->\n                    <!---->\n                    <h3 class=\"\">\u00bfPor qu\u00e9 las ventanas de impacto son esenciales en Florida?<\/h3>\n                  <\/div>\n                <\/div>\n                <div data-colibri-id=\"4416-c10\" class=\"h-text h-text-component style-1815 style-local-4416-c10 position-relative h-element\">\n                  <!---->\n                  <!---->\n                  <div class=\"\">\n                    <p>Florida, con su pintoresca belleza, tambi\u00e9n sufre la furia de los huracanes y las perturbaciones tropicales. Estas calamidades naturales no s\u00f3lo alteran la vida cotidiana, sino que traen consigo posibles da\u00f1os materiales y peligros para la seguridad. Reconociendo esta vulnerabilidad, se han ajustado los c\u00f3digos de construcci\u00f3n de Florida. Ahora, para cualquier construcci\u00f3n nueva o renovaci\u00f3n importante, el estado exige la integraci\u00f3n de contraventanas anticicl\u00f3nicas o ventanas resistentes a impactos.<\/p>\n                    <p><strong>Elecci\u00f3n de ventanas de impacto en el sur de Florida:<\/strong><\/p>\n                    <p>Si usted est\u00e1 situado en la regi\u00f3n del sur de Florida, ya sea iniciando un nuevo proyecto de construcci\u00f3n o contemplando un reemplazo de ventanas, las ventanas de impacto deben estar en la parte superior de su lista de consideraci\u00f3n. Y, cuando se trata de la instalaci\u00f3n, conformarse nada menos que la perfecci\u00f3n no es una opci\u00f3n.<\/p>\n                  <\/div>\n                <\/div>\n              <\/div>\n            <\/div>\n          <\/div>\n          <div class=\"h-column h-column-container d-flex h-col-lg-auto h-col-md-auto h-col-auto style-1813-outer style-local-4416-c11-outer\">\n            <div data-colibri-id=\"4416-c11\" class=\"d-flex h-flex-basis h-column__inner h-px-lg-2 h-px-md-2 h-px-2 v-inner-lg-2 v-inner-md-2 v-inner-2 style-1813 style-local-4416-c11 position-relative\">\n              <!---->\n              <!---->\n              <div class=\"w-100 h-y-container h-column__content h-column__v-align flex-basis-100 align-self-lg-start align-self-md-start align-self-start\">\n                <!---->\n                <div data-colibri-id=\"4416-c12\" class=\"d-block style-1816 style-local-4416-c12 position-relative h-element\">\n                  <!---->\n                  <div class=\"h-image__frame-container-outer\">\n                    <div class=\"h-image__frame-container\">\n                      <!---->\n                      <!---->\n                      <img loading=\"lazy\" decoding=\"async\" width=\"719\" height=\"599\" src=\"https:\/\/prioritywindowsinc.com\/wp-content\/uploads\/2023\/10\/cropped-50fae2a7-c6e7-4c7c-8414-130f32a81071.jpeg\" class=\"wp-image-4431 style-1816-image style-local-4416-c12-image\" alt=\"\" srcset=\"https:\/\/prioritywindowsinc.com\/wp-content\/uploads\/2023\/10\/cropped-50fae2a7-c6e7-4c7c-8414-130f32a81071.jpeg 719w, https:\/\/prioritywindowsinc.com\/wp-content\/uploads\/2023\/10\/cropped-50fae2a7-c6e7-4c7c-8414-130f32a81071-300x250.jpeg 300w, https:\/\/prioritywindowsinc.com\/wp-content\/uploads\/2023\/10\/cropped-50fae2a7-c6e7-4c7c-8414-130f32a81071-14x12.jpeg 14w\" sizes=\"auto, (max-width: 719px) 100vw, 719px\" \/>\n                      <div class=\"h-image__frame h-hide-lg h-hide-md h-hide-sm style-1816-frameImage style-local-4416-c12-frameImage\"><\/div>\n                    <\/div>\n                  <\/div>\n                <\/div>\n              <\/div>\n            <\/div>\n          <\/div>\n        <\/div>\n      <\/div>\n    <\/div>\n  <\/div>\n  <div data-colibri-component=\"section\" data-colibri-id=\"4416-c13\" id=\"cta\" class=\"h-section h-section-global-spacing d-flex align-items-lg-center align-items-md-center align-items-center style-1824 style-local-4416-c13 position-relative\">\n    <div class=\"background-wrapper\">\n      <div class=\"background-layer background-layer-media-container-lg\">\n        <div class=\"background-layer\">\n          <div id=\"background-video-4416-c13-desktop\" data-video=\"https:\/\/youtu.be\/zErGXBWslNM?si=95n9u6u_ETSYbYwZ\" data-poster=\"https:\/\/prioritywindowsinc.com\/wp-content\/plugins\/colibri-page-builder-pro\/\/extend-builder\/assets\/images\/colibri-demo-video-cover.jpg\"\n            data-mime-type=\"video\/x-youtube\" data-position-x=\"50.0000\" data-position-y=\"50.0000\" data-colibri-component=\"video-background\" class=\"cp-video-bg background-layer colibri-video-background\" style=\"background-image: url(&quot;https:\/\/prioritywindowsinc.com\/wp-content\/plugins\/colibri-page-builder-pro\/\/extend-builder\/assets\/images\/colibri-demo-video-cover.jpg&quot;);\"><\/div>\n        <\/div>\n        <div class=\"overlay-layer\">\n          <div class=\"overlay-image-layer\" style=\"background-color: rgb(0, 0, 0); opacity: 0.61;\"><\/div>\n        <\/div>\n      <\/div>\n      <div class=\"background-layer background-layer-media-container-md\">\n        <div class=\"background-layer\">\n          <div id=\"background-video-4416-c13-tablet\" data-video=\"https:\/\/youtu.be\/zErGXBWslNM?si=95n9u6u_ETSYbYwZ\" data-poster=\"https:\/\/prioritywindowsinc.com\/wp-content\/plugins\/colibri-page-builder-pro\/\/extend-builder\/assets\/images\/colibri-demo-video-cover.jpg\"\n            data-mime-type=\"video\/x-youtube\" data-position-x=\"50.0000\" data-position-y=\"50.0000\" data-colibri-component=\"video-background\" class=\"cp-video-bg background-layer colibri-video-background\" style=\"background-image: url(&quot;https:\/\/prioritywindowsinc.com\/wp-content\/plugins\/colibri-page-builder-pro\/\/extend-builder\/assets\/images\/colibri-demo-video-cover.jpg&quot;);\"><\/div>\n        <\/div>\n        <div class=\"overlay-layer\">\n          <div class=\"overlay-image-layer\" style=\"background-color: rgb(0, 0, 0); opacity: 0.61;\"><\/div>\n        <\/div>\n      <\/div>\n      <div class=\"background-layer background-layer-media-container\">\n        <div class=\"background-layer\">\n          <div id=\"background-video-4416-c13-mobile\" data-video=\"https:\/\/youtu.be\/zErGXBWslNM?si=95n9u6u_ETSYbYwZ\" data-poster=\"https:\/\/prioritywindowsinc.com\/wp-content\/uploads\/2023\/09\/cropped-cropped-DSC00182-2.jpg\" data-mime-type=\"video\/x-youtube\" data-position-x=\"50.0000\"\n            data-position-y=\"50.0000\" data-colibri-component=\"video-background\" class=\"cp-video-bg background-layer colibri-video-background\" style=\"background-image: url(&quot;https:\/\/prioritywindowsinc.com\/wp-content\/uploads\/2023\/09\/cropped-cropped-DSC00182-2.jpg&quot;);\"><\/div>\n        <\/div>\n        <div class=\"overlay-layer\">\n          <div class=\"overlay-image-layer\" style=\"background-color: rgb(0, 0, 0); opacity: 0.61;\"><\/div>\n        <\/div>\n      <\/div>\n    <\/div>\n    <!---->\n    <div class=\"h-section-grid-container h-section-boxed-container\">\n      <!---->\n      <div data-colibri-id=\"4416-c14\" class=\"h-row-container gutters-row-lg-2 gutters-row-md-2 gutters-row-0 gutters-row-v-lg-2 gutters-row-v-md-2 gutters-row-v-2 style-1836 style-local-4416-c14 position-relative\">\n        <!---->\n        <div class=\"h-row justify-content-lg-center justify-content-md-center justify-content-center align-items-lg-stretch align-items-md-stretch align-items-stretch gutters-col-lg-2 gutters-col-md-2 gutters-col-0 gutters-col-v-lg-2 gutters-col-v-md-2 gutters-col-v-2\">\n          <!---->\n          <div class=\"h-column h-column-container d-flex h-col-lg-auto h-col-md-auto h-col-auto style-1837-outer style-local-4416-c15-outer\">\n            <div data-colibri-id=\"4416-c15\" class=\"d-flex h-flex-basis h-column__inner h-px-lg-2 h-px-md-2 h-px-2 v-inner-lg-2 v-inner-md-2 v-inner-2 style-1837 style-local-4416-c15 position-relative\">\n              <!---->\n              <!---->\n              <div class=\"w-100 h-y-container h-column__content h-column__v-align flex-basis-100 align-self-lg-start align-self-md-start align-self-start\">\n                <!---->\n                <div data-colibri-id=\"4416-c16\" class=\"h-global-transition-all h-heading style-1838 style-local-4416-c16 position-relative h-element\">\n                  <!---->\n                  <div class=\"h-heading__outer style-1838 style-local-4416-c16\">\n                    <!---->\n                    <!---->\n                    <h3 class=\"\">\u00a1Consiga ahorros excepcionales con Priority! Durante un tiempo limitado, haga su primer pedido con nosotros y disfrute de un descuento de 3.000 $.<\/h3>\n                  <\/div>\n                <\/div>\n              <\/div>\n            <\/div>\n          <\/div>\n        <\/div>\n      <\/div>\n      <div data-colibri-id=\"4416-c17\" class=\"h-row-container gutters-row-lg-2 gutters-row-md-2 gutters-row-0 gutters-row-v-lg-2 gutters-row-v-md-2 gutters-row-v-2 style-1825 style-local-4416-c17 position-relative\">\n        <!---->\n        <div class=\"h-row justify-content-lg-center justify-content-md-center justify-content-center align-items-lg-stretch align-items-md-stretch align-items-stretch gutters-col-lg-2 gutters-col-md-2 gutters-col-0 gutters-col-v-lg-2 gutters-col-v-md-2 gutters-col-v-2\">\n          <!---->\n          <div class=\"h-column h-column-container d-flex h-col-lg-auto h-col-md-auto h-col-auto style-1826-outer style-local-4416-c18-outer\">\n            <div data-colibri-id=\"4416-c18\" class=\"d-flex h-flex-basis h-column__inner h-px-lg-2 h-px-md-2 h-px-2 v-inner-lg-2 v-inner-md-2 v-inner-2 style-1826 style-local-4416-c18 position-relative\">\n              <!---->\n              <!---->\n              <div class=\"w-100 h-y-container h-column__content h-column__v-align flex-basis-100 align-self-lg-start align-self-md-start align-self-start\">\n                <!---->\n                <div data-colibri-id=\"4416-c19\" class=\"h-x-container style-1827 style-local-4416-c19 position-relative h-element\">\n                  <!---->\n                  <div class=\"h-x-container-inner style-dynamic-4416-c19-group style-1827-spacing style-local-4416-c19-spacing\"><span class=\"h-button__outer style-1118-outer style-local-4416-c20-outer d-inline-flex h-element\"><a h-use-smooth-scroll=\"true\" href=\"tel:7862053227\"  data-colibri-id=\"4416-c20\" class=\"d-flex w-100 align-items-center h-button justify-content-lg-center justify-content-md-center justify-content-center style-1118 style-local-4416-c20 position-relative\"><!----><!----> <span>VER OFERTA AHORA<\/span><\/a>\n                    <\/span><span class=\"h-button__outer style-1151-outer style-local-4416-c21-outer d-inline-flex h-element\"><a h-use-smooth-scroll=\"true\" href=\"tel:7862053227\"  data-colibri-id=\"4416-c21\" class=\"d-flex w-100 align-items-center h-button justify-content-lg-center justify-content-md-center justify-content-center style-1151 style-local-4416-c21 position-relative\"><!----><!----> <span>consiga 3000$ ahora<\/span><\/a>\n                    <\/span>\n                  <\/div>\n                <\/div>\n              <\/div>\n            <\/div>\n          <\/div>\n        <\/div>\n      <\/div>\n    <\/div>\n  <\/div>\n  <div data-colibri-component=\"section\" data-colibri-id=\"4416-c22\" id=\"custom-2\" class=\"h-section h-section-global-spacing d-flex align-items-lg-center align-items-md-center align-items-center style-1810 style-local-4416-c22 position-relative\">\n    <!---->\n    <!---->\n    <div class=\"h-section-grid-container h-section-boxed-container\">\n      <!---->\n      <div data-colibri-id=\"4416-c23\" class=\"h-row-container gutters-row-lg-2 gutters-row-md-2 gutters-row-0 gutters-row-v-lg-2 gutters-row-v-md-2 gutters-row-v-2 style-1811 style-local-4416-c23 position-relative\">\n        <!---->\n        <div class=\"h-row justify-content-lg-center justify-content-md-center justify-content-center align-items-lg-stretch align-items-md-stretch align-items-stretch gutters-col-lg-2 gutters-col-md-2 gutters-col-0 gutters-col-v-lg-2 gutters-col-v-md-2 gutters-col-v-2\">\n          <!---->\n          <div class=\"h-column h-column-container d-flex h-col-lg-auto h-col-md-auto h-col-auto style-1812-outer style-local-4416-c24-outer\">\n            <div data-colibri-id=\"4416-c24\" class=\"d-flex h-flex-basis h-column__inner h-px-lg-2 h-px-md-2 h-px-2 v-inner-lg-2 v-inner-md-2 v-inner-2 style-1812 style-local-4416-c24 position-relative\">\n              <!---->\n              <!---->\n              <div class=\"w-100 h-y-container h-column__content h-column__v-align flex-basis-100 align-self-lg-start align-self-md-start align-self-start\">\n                <!---->\n                <div data-colibri-id=\"4416-c25\" class=\"h-global-transition-all h-heading style-1814 style-local-4416-c25 position-relative h-element\">\n                  <!---->\n                  <div class=\"h-heading__outer style-1814 style-local-4416-c25\">\n                    <!---->\n                    <!---->\n                    <h3 class=\"\">Ventajas de Priority:<\/h3>\n                  <\/div>\n                <\/div>\n                <div data-colibri-id=\"4416-c26\" class=\"h-text h-text-component style-1815 style-local-4416-c26 position-relative h-element\">\n                  <!---->\n                  <!---->\n                  <div class=\"\">\n                    <p>En Priority, ofrecemos algo m\u00e1s que ventanas de impacto: proporcionamos tranquilidad. Nuestro equipo de expertos garantiza un meticuloso proceso de instalaci\u00f3n, optimizando las numerosas ventajas de nuestras ventanas.<\/p>\n                  <\/div>\n                <\/div>\n                <div data-colibri-id=\"4416-c27\" class=\"h-text h-text-component style-1820 style-local-4416-c27 position-relative h-element\">\n                  <!---->\n                  <!---->\n                  <div class=\"\">\n                    <p><strong>Principales ventajas de elegir ventanas de impacto prioritarias:<\/strong><\/p>\n                    <ul>\n                      <li><strong>\t\tGarant\u00eda de seguridad:<\/strong>Nuestras ventanas se mantienen firmes frente a los escombros que salen despedidos durante las tormentas, reduciendo posibles lesiones y da\u00f1os.<\/li>\n                      <li><strong>\t\tMejorada Eficiencia Energ\u00e9tica<\/strong>: Ayudan a mantener una temperatura interior constante, lo que supone un ahorro potencial en la factura energ\u00e9tica.<\/li>\n                      <li><strong>\t\tInsonorizaci\u00f3n<\/strong>: Nuestras ventanas reducen eficazmente el ruido exterior, garantizando un ambiente interior tranquilo.<\/li>\n                      <li><strong>\t\tProtecci\u00f3n UV<\/strong>: Protegen los interiores de los da\u00f1inos rayos UV, preservando la longevidad de sus muebles.<\/li>\n                      <li><strong>\t\tVentajas<\/strong>: Las casas con nuestras ventanas de impacto pueden optar a primas de seguro reducidas<\/li>\n                    <\/ul>\n                    <p>\n                      <br>\n                    <\/p>\n                  <\/div>\n                <\/div>\n              <\/div>\n            <\/div>\n          <\/div>\n          <div class=\"h-column h-column-container d-flex h-col-lg-auto h-col-md-auto h-col-auto style-1813-outer style-local-4416-c28-outer\">\n            <div data-colibri-id=\"4416-c28\" class=\"d-flex h-flex-basis h-column__inner h-px-lg-2 h-px-md-2 h-px-2 v-inner-lg-2 v-inner-md-2 v-inner-2 style-1813 style-local-4416-c28 position-relative\">\n              <!---->\n              <!---->\n              <div class=\"w-100 h-y-container h-column__content h-column__v-align flex-basis-100 align-self-lg-start align-self-md-start align-self-start\">\n                <!---->\n                <div data-colibri-id=\"4416-c29\" class=\"d-block style-1816 style-local-4416-c29 position-relative h-element\">\n                  <!---->\n                  <div class=\"h-image__frame-container-outer\">\n                    <div class=\"h-image__frame-container\">\n                      <!---->\n                      <!---->\n                      <img loading=\"lazy\" decoding=\"async\" width=\"766\" height=\"618\" src=\"https:\/\/prioritywindowsinc.com\/wp-content\/uploads\/2023\/09\/cropped-cropped-90aa5ed3-2f5a-4abd-83c2-55a9ddfd7add.jpg\" class=\"wp-image-4443 style-1816-image style-local-4416-c29-image\" alt=\"\" srcset=\"https:\/\/prioritywindowsinc.com\/wp-content\/uploads\/2023\/09\/cropped-cropped-90aa5ed3-2f5a-4abd-83c2-55a9ddfd7add.jpg 766w, https:\/\/prioritywindowsinc.com\/wp-content\/uploads\/2023\/09\/cropped-cropped-90aa5ed3-2f5a-4abd-83c2-55a9ddfd7add-300x242.jpg 300w, https:\/\/prioritywindowsinc.com\/wp-content\/uploads\/2023\/09\/cropped-cropped-90aa5ed3-2f5a-4abd-83c2-55a9ddfd7add-15x12.jpg 15w\" sizes=\"auto, (max-width: 766px) 100vw, 766px\" \/>\n                      <div class=\"h-image__frame h-hide-lg h-hide-md h-hide-sm style-1816-frameImage style-local-4416-c29-frameImage\"><\/div>\n                    <\/div>\n                  <\/div>\n                <\/div>\n              <\/div>\n            <\/div>\n          <\/div>\n        <\/div>\n      <\/div>\n      <div data-colibri-id=\"4416-c30\" class=\"h-row-container gutters-row-lg-2 gutters-row-md-2 gutters-row-0 gutters-row-v-lg-2 gutters-row-v-md-2 gutters-row-v-2 style-1817 style-local-4416-c30 position-relative\">\n        <!---->\n        <div class=\"h-row justify-content-lg-center justify-content-md-center justify-content-center align-items-lg-stretch align-items-md-stretch align-items-stretch gutters-col-lg-2 gutters-col-md-2 gutters-col-0 gutters-col-v-lg-2 gutters-col-v-md-2 gutters-col-v-2\">\n          <!---->\n          <div class=\"h-column h-column-container d-flex h-col-lg-auto h-col-md-auto h-col-auto style-1818-outer style-local-4416-c31-outer\">\n            <div data-colibri-id=\"4416-c31\" class=\"d-flex h-flex-basis h-column__inner h-px-lg-2 h-px-md-2 h-px-2 v-inner-lg-2 v-inner-md-2 v-inner-2 style-1818 style-local-4416-c31 position-relative\">\n              <!---->\n              <!---->\n              <div class=\"w-100 h-y-container h-column__content h-column__v-align flex-basis-100 align-self-lg-start align-self-md-start align-self-start\">\n                <!---->\n                <div data-colibri-id=\"4416-c32\" class=\"h-x-container style-1821 style-local-4416-c32 position-relative h-element\">\n                  <!---->\n                  <div class=\"h-x-container-inner style-dynamic-4416-c32-group style-1821-spacing style-local-4416-c32-spacing\"><span class=\"h-button__outer style-1118-outer style-local-4416-c33-outer d-inline-flex h-element\"><a h-use-smooth-scroll=\"true\" href=\"tel:7862053227\"  data-colibri-id=\"4416-c33\" class=\"d-flex w-100 align-items-center h-button justify-content-lg-center justify-content-md-center justify-content-center style-1118 style-local-4416-c33 position-relative\"><!----><!----> <span>Ll\u00e1menos para cotizar &gt;<\/span><\/a>\n                    <\/span><span class=\"h-button__outer style-1151-outer style-local-4416-c34-outer d-inline-flex h-element\"><a h-use-smooth-scroll=\"true\" href=\"https:\/\/prioritywindowsinc.com\/es\/contact-us\/\"  data-colibri-id=\"4416-c34\" class=\"d-flex w-100 align-items-center h-button justify-content-lg-center justify-content-md-center justify-content-center style-1151 style-local-4416-c34 position-relative\"><!----><!----> <span>Cont\u00e1ctanos<\/span><\/a>\n                    <\/span>\n                  <\/div>\n                <\/div>\n              <\/div>\n            <\/div>\n          <\/div>\n        <\/div>\n      <\/div>\n    <\/div>\n  <\/div>\n<\/div>","protected":false},"excerpt":{"rendered":"<p>Impact Windows Installation in Miami Home&nbsp;&nbsp;&gt;&nbsp; Services &amp; Products&nbsp; &gt;&nbsp;Impact Windows Installation Why Impact Windows are Essential in Florida? Florida, with its picturesque beauty, also grapples with the fury of regular hurricanes and tropical disturbances. These natural calamities don&#8217;t just disrupt daily life but bring with them potential property damage and safety hazards. Acknowledging this [&hellip;]<\/p>","protected":false},"author":3,"featured_media":0,"parent":72,"menu_order":0,"comment_status":"closed","ping_status":"closed","template":"page-templates\/full-width-page.php","meta":{"om_disable_all_campaigns":false,"_monsterinsights_skip_tracking":false,"_monsterinsights_sitenote_active":false,"_monsterinsights_sitenote_note":"","_monsterinsights_sitenote_category":0,"_uf_show_specific_survey":0,"_uf_disable_surveys":false,"footnotes":""},"class_list":["post-4416","page","type-page","status-publish","hentry"],"aioseo_notices":[],"_links":{"self":[{"href":"https:\/\/prioritywindowsinc.com\/es\/wp-json\/wp\/v2\/pages\/4416","targetHints":{"allow":["GET"]}}],"collection":[{"href":"https:\/\/prioritywindowsinc.com\/es\/wp-json\/wp\/v2\/pages"}],"about":[{"href":"https:\/\/prioritywindowsinc.com\/es\/wp-json\/wp\/v2\/types\/page"}],"author":[{"embeddable":true,"href":"https:\/\/prioritywindowsinc.com\/es\/wp-json\/wp\/v2\/users\/3"}],"replies":[{"embeddable":true,"href":"https:\/\/prioritywindowsinc.com\/es\/wp-json\/wp\/v2\/comments?post=4416"}],"version-history":[{"count":0,"href":"https:\/\/prioritywindowsinc.com\/es\/wp-json\/wp\/v2\/pages\/4416\/revisions"}],"up":[{"embeddable":true,"href":"https:\/\/prioritywindowsinc.com\/es\/wp-json\/wp\/v2\/pages\/72"}],"wp:attachment":[{"href":"https:\/\/prioritywindowsinc.com\/es\/wp-json\/wp\/v2\/media?parent=4416"}],"curies":[{"name":"wp","href":"https:\/\/api.w.org\/{rel}","templated":true}]}}